{"id":415,"date":"2021-11-30T17:45:38","date_gmt":"2021-11-30T14:45:38","guid":{"rendered":"https:\/\/argodoslogistika.lt\/contacts\/"},"modified":"2021-12-01T13:36:17","modified_gmt":"2021-12-01T10:36:17","slug":"%d0%ba%d0%be%d0%bd%d1%82%d0%b0%d0%ba%d1%82%d1%8b","status":"publish","type":"page","link":"https:\/\/argodoslogistika.lt\/ru\/%d0%ba%d0%be%d0%bd%d1%82%d0%b0%d0%ba%d1%82%d1%8b\/","title":{"rendered":"\u041a\u043e\u043d\u0442\u0430\u043a\u0442\u044b"},"content":{"rendered":"<section class=\"l-section wpb_row row__hero-section hero-section__alternative height_medium color_alternate\"><div class=\"l-section-overlay\" style=\"background:var(--color-content-overlay)\"><\/div><div class=\"l-section-h i-cf\"><div class=\"g-cols via_flex valign_top type_default\"><div class=\"vc_col-sm-12 wpb_column vc_column_container\"><div class=\"vc_column-inner\"><div class=\"wpb_wrapper\"><div class=\"g-cols wpb_row via_flex valign_top type_default\"><div class=\"vc_col-sm-12 vc_col-lg-2 vc_col-md-1 vc_hidden-sm vc_hidden-xs wpb_column vc_column_container\"><div class=\"vc_column-inner\"><div class=\"wpb_wrapper\"><\/div><\/div><\/div><div class=\"vc_col-sm-12 vc_col-lg-8 vc_col-md-10 vc_col-xs-12 wpb_column vc_column_container\"><div class=\"vc_column-inner\"><div class=\"wpb_wrapper\"><h1 class=\"w-post-elm post_title entry-title color_link_inherit\">\u041a\u043e\u043d\u0442\u0430\u043a\u0442\u044b<\/h1><\/div><\/div><\/div><div class=\"vc_col-sm-12 vc_col-lg-2 vc_col-md-1 vc_hidden-sm vc_col-xs-12 vc_hidden-xs wpb_column vc_column_container\"><div class=\"vc_column-inner\"><div class=\"wpb_wrapper\"><\/div><\/div><\/div><\/div><\/div><\/div><\/div><\/div><\/div><\/section>\n<section class=\"l-section wpb_row height_large\"><div class=\"l-section-h i-cf\"><div class=\"g-cols via_flex valign_top type_default\"><div class=\"vc_col-sm-8 wpb_column vc_column_container\"><div class=\"vc_column-inner\"><div class=\"wpb_wrapper\"><div class=\"w-tabs accordion__stylized style_default switch_click accordion has_scrolling\" style=\"--sections-title-size:inherit\"><div class=\"w-tabs-sections titles-align_none icon_plus cpos_left\"><div class=\"w-tabs-section active\" id=\"q9df\"><button aria-controls=\"content-q9df\" class=\"w-tabs-section-header active\"><h2 class=\"w-tabs-section-title\">\u0410\u0434\u0440\u0435\u0441\u0430<\/h2><div class=\"w-tabs-section-control\"><\/div><\/button><div class=\"w-tabs-section-content\" id=\"content-q9df\" aria-expanded=\"true\"><div class=\"w-tabs-section-content-h i-cf\"><div class=\"w-map provider_google map__google-map indented--right\" id=\"us_map_1\"><div class=\"w-map-json\" onclick='return {&quot;address&quot;:&quot;54.545362902109325, 23.412290069441116&quot;,&quot;zoom&quot;:6,&quot;hideControls&quot;:0,&quot;disableZoom&quot;:0,&quot;disableDragging&quot;:0,&quot;markers&quot;:[{&quot;address&quot;:&quot;54.545362902109325, 23.412290069441116&quot;,&quot;html&quot;:&quot;&lt;p&gt;&lt;strong&gt;\\u0410\\u0414\\u0420\\u0415\\u0421 \\u041c\\u0415\\u0421\\u0422\\u0410 \\u041d\\u0410\\u0425\\u041e\\u0416\\u0414\\u0415\\u041d\\u0418\\u042f&lt;\\\/strong&gt;&lt;\\\/p&gt;\\n&lt;p&gt;\\u0160lavantos 13b, Pata\\u0161in\\u0117,&lt;br&gt;\\nMarijampol\\u0117s sav, LT-69105&lt;\\\/p&gt;&quot;,&quot;infowindow&quot;:false},{&quot;address&quot;:&quot;54.56629184153783, 23.37994339838977&quot;,&quot;html&quot;:&quot;&lt;p&gt;&lt;strong&gt;\\u0410\\u0414\\u0420\\u0415\\u0421 \\u041c\\u0415\\u0421\\u0422\\u0410 \\u041e\\u0421\\u0423\\u0429\\u0415\\u0421\\u0422\\u0412\\u041b\\u0415\\u041d\\u0418\\u042f \\u0414\\u0415\\u042f\\u0422\\u0415\\u041b\\u042c\\u041d\\u041e\\u0421\\u0422\\u0418&lt;\\\/strong&gt;&lt;\\\/p&gt;\\n&lt;p&gt;Sporto g.50, Marijampol\\u0117&lt;br&gt;\\nLT-68110&lt;\\\/p&gt;&quot;,&quot;marker_img&quot;:[&quot;https:\\\/\\\/argodoslogistika.lt\\\/wp-content\\\/uploads\\\/2021\\\/10\\\/icon__map-marker.svg&quot;,&quot;150&quot;,&quot;150&quot;,false],&quot;marker_size&quot;:[&quot;40&quot;,&quot;40&quot;]}],&quot;icon&quot;:{&quot;url&quot;:&quot;https:\\\/\\\/argodoslogistika.lt\\\/wp-content\\\/uploads\\\/2021\\\/10\\\/icon__map-marker.svg&quot;,&quot;size&quot;:[40,40]},&quot;maptype&quot;:&quot;ROADMAP&quot;}'><\/div><div class=\"w-map-style-json\" onclick='return [\n    {\n        \"featureType\": \"all\",\n        \"elementType\": \"geometry.fill\",\n        \"stylers\": [\n            {\n                \"weight\": \"2.00\"\n            }\n        ]\n    },\n    {\n        \"featureType\": \"all\",\n        \"elementType\": \"geometry.stroke\",\n        \"stylers\": [\n            {\n                \"color\": \"#9c9c9c\"\n            }\n        ]\n    },\n    {\n        \"featureType\": \"all\",\n        \"elementType\": \"labels.text\",\n        \"stylers\": [\n            {\n                \"visibility\": \"on\"\n            }\n        ]\n    },\n    {\n        \"featureType\": \"landscape\",\n        \"elementType\": \"all\",\n        \"stylers\": [\n            {\n                \"color\": \"#f2f2f2\"\n            }\n        ]\n    },\n    {\n        \"featureType\": \"landscape\",\n        \"elementType\": \"geometry.fill\",\n        \"stylers\": [\n            {\n                \"color\": \"#ffffff\"\n            }\n        ]\n    },\n    {\n        \"featureType\": \"landscape.man_made\",\n        \"elementType\": \"geometry.fill\",\n        \"stylers\": [\n            {\n                \"color\": \"#ffffff\"\n            }\n        ]\n    },\n    {\n        \"featureType\": \"poi\",\n        \"elementType\": \"all\",\n        \"stylers\": [\n            {\n                \"visibility\": \"off\"\n            }\n        ]\n    },\n    {\n        \"featureType\": \"road\",\n        \"elementType\": \"all\",\n        \"stylers\": [\n            {\n                \"saturation\": -100\n            },\n            {\n                \"lightness\": 45\n            }\n        ]\n    },\n    {\n        \"featureType\": \"road\",\n        \"elementType\": \"geometry.fill\",\n        \"stylers\": [\n            {\n                \"color\": \"#eeeeee\"\n            }\n        ]\n    },\n    {\n        \"featureType\": \"road\",\n        \"elementType\": \"labels.text.fill\",\n        \"stylers\": [\n            {\n                \"color\": \"#7b7b7b\"\n            }\n        ]\n    },\n    {\n        \"featureType\": \"road\",\n        \"elementType\": \"labels.text.stroke\",\n        \"stylers\": [\n            {\n                \"color\": \"#ffffff\"\n            }\n        ]\n    },\n    {\n        \"featureType\": \"road.highway\",\n        \"elementType\": \"all\",\n        \"stylers\": [\n            {\n                \"visibility\": \"simplified\"\n            }\n        ]\n    },\n    {\n        \"featureType\": \"road.arterial\",\n        \"elementType\": \"labels.icon\",\n        \"stylers\": [\n            {\n                \"visibility\": \"off\"\n            }\n        ]\n    },\n    {\n        \"featureType\": \"transit\",\n        \"elementType\": \"all\",\n        \"stylers\": [\n            {\n                \"visibility\": \"off\"\n            }\n        ]\n    },\n    {\n        \"featureType\": \"water\",\n        \"elementType\": \"all\",\n        \"stylers\": [\n            {\n                \"color\": \"#46bcec\"\n            },\n            {\n                \"visibility\": \"on\"\n            }\n        ]\n    },\n    {\n        \"featureType\": \"water\",\n        \"elementType\": \"geometry.fill\",\n        \"stylers\": [\n            {\n                \"color\": \"#00225b\"\n            }\n        ]\n    },\n    {\n        \"featureType\": \"water\",\n        \"elementType\": \"labels.text.fill\",\n        \"stylers\": [\n            {\n                \"color\": \"#070707\"\n            }\n        ]\n    },\n    {\n        \"featureType\": \"water\",\n        \"elementType\": \"labels.text.stroke\",\n        \"stylers\": [\n            {\n                \"color\": \"#ffffff\"\n            }\n        ]\n    }\n]'><\/div><\/div><div class=\"g-cols wpb_row via_flex valign_top type_default\"><div class=\"vc_col-sm-12 wpb_column vc_column_container\"><div class=\"vc_column-inner\"><div class=\"wpb_wrapper\"><div class=\"w-vwrapper layout-wrapper__addresses-below-map align_none valign_top\" style=\"--vwrapper-gap:0\"><div class=\"w-iconbox iconbox__stylized iconpos_left style_default color_secondary align_left\"><div class=\"w-iconbox-icon\" style=\"font-size:2rem;\"><i class=\"fas fa-map-marker-alt\"><\/i><\/div><div class=\"w-iconbox-meta\"><h3 class=\"w-iconbox-title\">\u0410\u0414\u0420\u0415\u0421 \u041c\u0415\u0421\u0422\u0410 \u041d\u0410\u0425\u041e\u0416\u0414\u0415\u041d\u0418\u042f:<\/h3><div class=\"w-iconbox-text\"><p><a href=\"https:\/\/goo.gl\/maps\/dbzUX5udVnQch1Nm6\" target=\"_blank\" rel=\"noopener\">\u0160lavantos 13b, Pata\u0161in\u0117, Marijampol\u0117s sav, LT-69105<\/a><\/p>\n<\/div><\/div><\/div><div class=\"w-iconbox iconbox__stylized iconpos_left style_default color_secondary align_left\"><div class=\"w-iconbox-icon\" style=\"font-size:2rem;\"><i class=\"fas fa-map-marker-alt\"><\/i><\/div><div class=\"w-iconbox-meta\"><h3 class=\"w-iconbox-title\">\u0410\u0414\u0420\u0415\u0421 \u041c\u0415\u0421\u0422\u0410 \u041e\u0421\u0423\u0429\u0415\u0421\u0422\u0412\u041b\u0415\u041d\u0418\u042f \u0414\u0415\u042f\u0422\u0415\u041b\u042c\u041d\u041e\u0421\u0422\u0418:<\/h3><div class=\"w-iconbox-text\"><p><a href=\"https:\/\/goo.gl\/maps\/YAgp5vuKyEpwSKSNA\" target=\"_blank\" rel=\"noopener\">Sporto g.50, Marijampol\u0117 LT-68110<\/a><\/p>\n<\/div><\/div><\/div><\/div><\/div><\/div><\/div><\/div><\/div><\/div><\/div><div class=\"w-tabs-section\" id=\"p4d1\"><button aria-controls=\"content-p4d1\" class=\"w-tabs-section-header\"><h2 class=\"w-tabs-section-title\">\u041a\u043e\u043c\u0430\u043d\u0434\u0430<\/h2><div class=\"w-tabs-section-control\"><\/div><\/button><div class=\"w-tabs-section-content\" id=\"content-p4d1\" aria-expanded=\"false\"><div class=\"w-tabs-section-content-h i-cf\"><div class=\"w-grid grid__team-members type_grid layout_78\" id=\"us_grid_1\"><style>#us_grid_1 .w-grid-item:not(:last-child){margin-bottom:1.5rem}#us_grid_1 .g-loadmore{margin-top:1.5rem}.layout_78 .w-grid-item-h{}<\/style><div class=\"w-grid-list\">\t<article class=\"w-grid-item size_1x1 post-503 darbuotojai type-darbuotojai status-publish has-post-thumbnail hentry\" data-id=\"503\">\r\n\t\t<div class=\"w-grid-item-h\">\r\n\t\t\t\t\t\t<div class=\"w-hwrapper usg_hwrapper_1 layout-wrapper__team-member align_none valign_top\" style=\"--hwrapper-gap:0px\"><div class=\"w-vwrapper usg_vwrapper_1 team-member__image align_none valign_top\" style=\"--vwrapper-gap:0px\"><div class=\"w-post-elm post_image usg_post_image_1 has_ratio\"><div style=\"padding-bottom:100%\"><\/div><img width=\"150\" height=\"150\" src=\"https:\/\/argodoslogistika.lt\/wp-content\/uploads\/2021\/10\/VilmaVolkoviciene4-150x150-1-150x150.jpg\" class=\"attachment-thumbnail size-thumbnail wp-post-image\" alt=\"\" loading=\"lazy\" \/><\/div><\/div><div class=\"w-vwrapper usg_vwrapper_2 team-member__person align_none valign_top\" style=\"--vwrapper-gap:0px\"><h3 class=\"w-post-elm post_custom_field usg_post_custom_field_1 type_text\"><span class=\"w-post-elm-value\">\u0414\u0438\u0440\u0435\u043a\u0442\u043e\u0440<\/span><\/h3><h4 class=\"w-post-elm post_title usg_post_title_1 entry-title color_link_inherit\">Vilma Volkovi\u010dien\u0117<\/h4><\/div><div class=\"w-vwrapper usg_vwrapper_3 team-member__contact-info align_none valign_top\" style=\"--vwrapper-gap:0px\"><div class=\"w-post-elm post_custom_field usg_post_custom_field_2 type_text color_link_inherit\"><i class=\"fas fa-phone-alt\"><\/i><a href=\"tel:+37067295927\"><span class=\"w-post-elm-value\">+370 672 95 927<\/span><\/a><\/div><div class=\"w-post-elm post_custom_field usg_post_custom_field_3 type_text color_link_inherit\"><i class=\"fas fa-envelope-open-text\"><\/i><a href=\"mailto:vilma@argodoslogistika.lt\" target=\"_blank\" rel=\"noopener nofollow\"><span class=\"w-post-elm-value\">vilma@argodoslogistika.lt<\/span><\/a><\/div><\/div><\/div>\t\t<\/div>\r\n\t<\/article>\r\n\t<article class=\"w-grid-item size_1x1 post-504 darbuotojai type-darbuotojai status-publish has-post-thumbnail hentry\" data-id=\"504\">\r\n\t\t<div class=\"w-grid-item-h\">\r\n\t\t\t\t\t\t<div class=\"w-hwrapper usg_hwrapper_1 layout-wrapper__team-member align_none valign_top\" style=\"--hwrapper-gap:0px\"><div class=\"w-vwrapper usg_vwrapper_1 team-member__image align_none valign_top\" style=\"--vwrapper-gap:0px\"><div class=\"w-post-elm post_image usg_post_image_1 has_ratio\"><div style=\"padding-bottom:100%\"><\/div><img width=\"150\" height=\"150\" src=\"https:\/\/argodoslogistika.lt\/wp-content\/uploads\/2021\/10\/IrmaKurtinaitiene-150x150-1-150x150.jpg\" class=\"attachment-thumbnail size-thumbnail wp-post-image\" alt=\"\" loading=\"lazy\" \/><\/div><\/div><div class=\"w-vwrapper usg_vwrapper_2 team-member__person align_none valign_top\" style=\"--vwrapper-gap:0px\"><h3 class=\"w-post-elm post_custom_field usg_post_custom_field_1 type_text\"><span class=\"w-post-elm-value\">\u0422\u0440\u0430\u043d\u0441\u043f\u043e\u0440\u0442\u043d\u044b\u0439 \u043c\u0435\u043d\u0435\u0434\u0436\u0435\u0440<\/span><\/h3><h4 class=\"w-post-elm post_title usg_post_title_1 entry-title color_link_inherit\">Irma Kurtinaitien\u0117<\/h4><\/div><div class=\"w-vwrapper usg_vwrapper_3 team-member__contact-info align_none valign_top\" style=\"--vwrapper-gap:0px\"><div class=\"w-post-elm post_custom_field usg_post_custom_field_2 type_text color_link_inherit\"><i class=\"fas fa-phone-alt\"><\/i><a href=\"tel:+37062621344\"><span class=\"w-post-elm-value\">+370 626 21 344<\/span><\/a><\/div><div class=\"w-post-elm post_custom_field usg_post_custom_field_3 type_text color_link_inherit\"><i class=\"fas fa-envelope-open-text\"><\/i><a href=\"mailto:irma@argodoslogistika.lt\" target=\"_blank\" rel=\"noopener nofollow\"><span class=\"w-post-elm-value\">irma@argodoslogistika.lt<\/span><\/a><\/div><\/div><\/div>\t\t<\/div>\r\n\t<\/article>\r\n<\/div><div class=\"w-grid-preloader\"><div class=\"g-preloader type_1\">\r\n\t<div><\/div>\r\n<\/div>\r\n<\/div>\t<div class=\"w-grid-json hidden\" onclick='return {&quot;action&quot;:&quot;us_ajax_grid&quot;,&quot;ajax_url&quot;:&quot;https:\\\/\\\/argodoslogistika.lt\\\/wp-admin\\\/admin-ajax.php&quot;,&quot;infinite_scroll&quot;:0,&quot;max_num_pages&quot;:1,&quot;pagination&quot;:&quot;none&quot;,&quot;permalink_url&quot;:&quot;https:\\\/\\\/argodoslogistika.lt\\\/ru\\\/wp-json\\\/wp\\\/v2\\\/pages\\\/415\\\/&quot;,&quot;template_vars&quot;:{&quot;columns&quot;:&quot;1&quot;,&quot;exclude_items&quot;:&quot;none&quot;,&quot;img_size&quot;:&quot;default&quot;,&quot;ignore_items_size&quot;:false,&quot;items_layout&quot;:&quot;78&quot;,&quot;items_offset&quot;:&quot;1&quot;,&quot;load_animation&quot;:&quot;none&quot;,&quot;overriding_link&quot;:&quot;none&quot;,&quot;post_id&quot;:415,&quot;query_args&quot;:{&quot;ignore_sticky_posts&quot;:1,&quot;post_type&quot;:&quot;any&quot;,&quot;post__in&quot;:[&quot;76&quot;,&quot;86&quot;,&quot;503&quot;,&quot;504&quot;],&quot;posts_per_page&quot;:999},&quot;orderby_query_args&quot;:{&quot;orderby&quot;:{&quot;post__in&quot;:&quot;ASC&quot;},&quot;order&quot;:&quot;ASC&quot;},&quot;type&quot;:&quot;grid&quot;,&quot;us_grid_ajax_index&quot;:1,&quot;us_grid_filter_params&quot;:null,&quot;us_grid_index&quot;:1,&quot;_us_grid_post_type&quot;:&quot;ids&quot;,&quot;lang&quot;:&quot;ru&quot;}}'><\/div>\r\n\t<\/div><\/div><\/div><\/div><div class=\"w-tabs-section\" id=\"jfb3\"><button aria-controls=\"content-jfb3\" class=\"w-tabs-section-header\"><h2 class=\"w-tabs-section-title\">\u0420\u0435\u043a\u0432\u0438\u0437\u0438\u0442<\/h2><div class=\"w-tabs-section-control\"><\/div><\/button><div class=\"w-tabs-section-content\" id=\"content-jfb3\" aria-expanded=\"false\"><div class=\"w-tabs-section-content-h i-cf\"><div class=\"g-cols wpb_row via_flex valign_top type_default\"><div class=\"vc_col-sm-12 wpb_column vc_column_container\"><div class=\"vc_column-inner\"><div class=\"wpb_wrapper\"><div class=\"w-vwrapper layout-wrapper__requisites align_none valign_top\" style=\"--vwrapper-gap:0\"><div class=\"w-iconbox iconbox__stylized iconpos_left style_default color_secondary align_left\"><div class=\"w-iconbox-icon\" style=\"font-size:2rem;\"><i class=\"fas fa-briefcase\"><\/i><\/div><div class=\"w-iconbox-meta\"><h3 class=\"w-iconbox-title\">\u041a\u041e\u0414 \u041f\u0420\u0415\u0414\u041f\u0420\u0418\u042f\u0422\u0418\u042f<\/h3><div class=\"w-iconbox-text\"><p>303365982<\/p>\n<\/div><\/div><\/div><div class=\"w-iconbox iconbox__stylized iconpos_left style_default color_secondary align_left\"><div class=\"w-iconbox-icon\" style=\"font-size:2rem;\"><i class=\"fas fa-briefcase\"><\/i><\/div><div class=\"w-iconbox-meta\"><h3 class=\"w-iconbox-title\">\u041a\u041e\u0414 \u041d\u0410\u041b\u041e\u0413\u041e\u041f\u041b\u0410\u0422\u0415\u041b\u042c\u0429\u0418\u041a\u0410<\/h3><div class=\"w-iconbox-text\"><p>LT100008778411<\/p>\n<\/div><\/div><\/div><div class=\"w-iconbox iconbox__stylized iconpos_left style_default color_secondary align_left\"><div class=\"w-iconbox-icon\" style=\"font-size:2rem;\"><i class=\"fas fa-clock\"><\/i><\/div><div class=\"w-iconbox-meta\"><h3 class=\"w-iconbox-title\">\u0412\u0420\u0415\u041c\u042f \u0420\u0410\u0411\u041e\u0422\u042b<\/h3><div class=\"w-iconbox-text\"><p>I-V: 8.00-17.00<\/p>\n<\/div><\/div><\/div><\/div><\/div><\/div><\/div><\/div><\/div><\/div><\/div><\/div><\/div><\/div><\/div><\/div><div class=\"vc_col-sm-4 wpb_column vc_column_container\"><div class=\"vc_column-inner type_sticky\"><div class=\"wpb_wrapper\" style=\"top:\"><div class=\"g-cols wpb_row via_flex valign_top type_default\"><div class=\"vc_col-sm-12 wpb_column vc_column_container\"><div class=\"vc_column-inner\"><div class=\"wpb_wrapper\"><div class=\"g-cols wpb_row via_flex valign_top type_default\"><div class=\"vc_col-sm-12 wpb_column vc_column_container\"><div class=\"vc_column-inner\"><div class=\"wpb_wrapper\"><div class=\"w-vwrapper layout-wrapper__sidebar layout-wrapper__contact-form align_none valign_top\" style=\"--vwrapper-gap:0\"><div class=\"wpb_text_column text-block__sidebar-heading\"><div class=\"wpb_wrapper\"><h3>\u041d\u0410\u041f\u0418\u0428\u0418\u0422\u0415 \u041d\u0410\u041c<\/h3>\n<\/div><\/div><div role=\"form\" class=\"wpcf7\" id=\"wpcf7-f9-o1\" lang=\"lt-LT\" dir=\"ltr\">\n<div class=\"screen-reader-response\"><p role=\"status\" aria-live=\"polite\" aria-atomic=\"true\"><\/p> <ul><\/ul><\/div>\n<form action=\"\/ru\/wp-json\/wp\/v2\/pages\/415#wpcf7-f9-o1\" method=\"post\" class=\"wpcf7-form init\" novalidate=\"novalidate\" data-status=\"init\">\n<div style=\"display: none;\">\n<input type=\"hidden\" name=\"_wpcf7\" value=\"9\" \/>\n<input type=\"hidden\" name=\"_wpcf7_version\" value=\"5.5.6\" \/>\n<input type=\"hidden\" name=\"_wpcf7_locale\" value=\"lt_LT\" \/>\n<input type=\"hidden\" name=\"_wpcf7_unit_tag\" value=\"wpcf7-f9-o1\" \/>\n<input type=\"hidden\" name=\"_wpcf7_container_post\" value=\"0\" \/>\n<input type=\"hidden\" name=\"_wpcf7_posted_data_hash\" value=\"\" \/>\n<input type=\"hidden\" name=\"_wpcf7_recaptcha_response\" value=\"\" \/>\n<\/div>\n<div class=\"instructions\">\n<p>\u0410\u0434\u0440\u0435\u0441 \u044d\u043b.\u043f\u043e\u0447\u0442\u044b \u043d\u0435 \u043f\u0443\u0431\u043b\u0438\u043a\u0443\u0435\u0442\u0441\u044f. \u041f\u043e\u043b\u044f, \u043e\u0442\u043c\u0435\u0447\u0435\u043d\u043d\u044b\u0435 \u0437\u0432\u0435\u0437\u0434\u043e\u0447\u043a\u043e\u0439 *, \u043e\u0431\u044f\u0437\u0430\u0442\u0435\u043b\u044c\u043d\u044b \u043a \u0437\u0430\u043f\u043e\u043b\u043d\u0435\u043d\u0438\u044e.<\/p>\n<\/div>\n<div class=\"form-fields\">\n<div class=\"name\">\n        <label> \u0418\u041c\u042f*<\/label><br \/>\n        <span class=\"wpcf7-form-control-wrap vardas\"><input type=\"text\" name=\"vardas\" value=\"\" size=\"40\" class=\"wpcf7-form-control wpcf7-text wpcf7-validates-as-required\" aria-required=\"true\" aria-invalid=\"false\" \/><\/span>\n    <\/div>\n<div class=\"email\">\n        <label> \u0410\u0414\u0420\u0415\u0421 \u042d\u041b.\u041f\u041e\u0427\u0422\u042b*<\/label><br \/>\n        <span class=\"wpcf7-form-control-wrap el-pastas\"><input type=\"email\" name=\"el-pastas\" value=\"\" size=\"40\" class=\"wpcf7-form-control wpcf7-text wpcf7-email wpcf7-validates-as-required wpcf7-validates-as-email\" aria-required=\"true\" aria-invalid=\"false\" \/><\/span>\n    <\/div>\n<div class=\"message\">\n        <label> \u0421\u041e\u041e\u0411\u0429\u0415\u041d\u0418\u0415*<\/label><br \/>\n        <span class=\"wpcf7-form-control-wrap zinute\"><textarea name=\"zinute\" cols=\"40\" rows=\"10\" class=\"wpcf7-form-control wpcf7-textarea wpcf7-validates-as-required\" aria-required=\"true\" aria-invalid=\"false\"><\/textarea><\/span>\n    <\/div>\n<\/div>\n<div class=\"submit\">\n<div class=\"privacy-policy\">\n<p>\u0421\u043e\u0433\u043b\u0430\u0441\u0435\u043d  \u0441 <a href=\"\/ru\/\u043f\u043e\u043b\u0438\u0442\u0438\u043a\u043e\u0439-\u043a\u043e\u043d\u0444\u0438\u0434\u0435\u043d\u0446\u0438\u0430\u043b\u044c\u043d\u043e\u0441\u0442\u0438\/\" target=\"_blank\">\u043f\u043e\u043b\u0438\u0442\u0438\u043a\u043e\u0439 \u043a\u043e\u043d\u0444\u0438\u0434\u0435\u043d\u0446\u0438\u0430\u043b\u044c\u043d\u043e\u0441\u0442\u0438<\/a> \u0438 \u043f\u0440\u0430\u0432\u0438\u043b\u0430\u043c\u0438 \u043f\u043e\u043b\u044c\u0437\u043e\u0432\u0430\u043d\u0438\u044f. <\/p>\n<\/div>\n<p>    <button type=\"submit\" class=\"wpcf7-submit\">\u041e\u0422\u041f\u0420\u0410\u0412\u0418\u0422\u042c<br \/>\n<\/button>\n<\/div>\n<div class=\"wpcf7-response-output\" aria-hidden=\"true\"><\/div><\/form><\/div><\/div><\/div><\/div><\/div><\/div>\n<\/div><\/div><\/div><\/div><\/div><\/div><\/div><\/div><\/div><\/section>\n","protected":false},"excerpt":{"rendered":"","protected":false},"author":3,"featured_media":312,"parent":0,"menu_order":0,"comment_status":"closed","ping_status":"closed","template":"","meta":[],"acf":[],"_links":{"self":[{"href":"https:\/\/argodoslogistika.lt\/ru\/wp-json\/wp\/v2\/pages\/415"}],"collection":[{"href":"https:\/\/argodoslogistika.lt\/ru\/wp-json\/wp\/v2\/pages"}],"about":[{"href":"https:\/\/argodoslogistika.lt\/ru\/wp-json\/wp\/v2\/types\/page"}],"author":[{"embeddable":true,"href":"https:\/\/argodoslogistika.lt\/ru\/wp-json\/wp\/v2\/users\/3"}],"replies":[{"embeddable":true,"href":"https:\/\/argodoslogistika.lt\/ru\/wp-json\/wp\/v2\/comments?post=415"}],"version-history":[{"count":7,"href":"https:\/\/argodoslogistika.lt\/ru\/wp-json\/wp\/v2\/pages\/415\/revisions"}],"predecessor-version":[{"id":518,"href":"https:\/\/argodoslogistika.lt\/ru\/wp-json\/wp\/v2\/pages\/415\/revisions\/518"}],"wp:featuredmedia":[{"embeddable":true,"href":"https:\/\/argodoslogistika.lt\/ru\/wp-json\/wp\/v2\/media\/312"}],"wp:attachment":[{"href":"https:\/\/argodoslogistika.lt\/ru\/wp-json\/wp\/v2\/media?parent=415"}],"curies":[{"name":"wp","href":"https:\/\/api.w.org\/{rel}","templated":true}]}}